{"id":390,"date":"2019-09-22T14:13:43","date_gmt":"2019-09-22T14:13:43","guid":{"rendered":"http:\/\/quomodosoft.com\/fundbar\/?page_id=390"},"modified":"2020-11-28T13:25:17","modified_gmt":"2020-11-28T12:25:17","slug":"donation","status":"publish","type":"page","link":"https:\/\/www.ucpe.org\/en\/donation\/","title":{"rendered":"Donation"},"content":{"rendered":"<p>Make a Donation<\/p>\n<p style=\"text-align: center;\">L&rsquo;UCPE finance ses projets via ses membres et votre g\u00e9n\u00e9rosit\u00e9 ! Ensemble travaillons afin d&rsquo;am\u00e9liorer l&rsquo;acc\u00e8s \u00e0 l&rsquo;\u00e9ducation au plus grand nombre !<\/p>\n<p>\t\t\t\t\t\t\t\t\t\t<img decoding=\"async\" width=\"640\" height=\"480\" src=\"https:\/\/www.ucpe.org\/ucpe\/wp-content\/uploads\/2020\/11\/WhatsApp-Image-2020-11-08-at-12.01.29-768x576.jpeg\" alt=\"\" loading=\"lazy\" srcset=\"https:\/\/www.ucpe.org\/ucpe\/wp-content\/uploads\/2020\/11\/WhatsApp-Image-2020-11-08-at-12.01.29-768x576.jpeg 768w, https:\/\/www.ucpe.org\/ucpe\/wp-content\/uploads\/2020\/11\/WhatsApp-Image-2020-11-08-at-12.01.29-300x225.jpeg 300w, https:\/\/www.ucpe.org\/ucpe\/wp-content\/uploads\/2020\/11\/WhatsApp-Image-2020-11-08-at-12.01.29-1024x768.jpeg 1024w, https:\/\/www.ucpe.org\/ucpe\/wp-content\/uploads\/2020\/11\/WhatsApp-Image-2020-11-08-at-12.01.29-1536x1152.jpeg 1536w, https:\/\/www.ucpe.org\/ucpe\/wp-content\/uploads\/2020\/11\/WhatsApp-Image-2020-11-08-at-12.01.29-440x330.jpeg 440w, https:\/\/www.ucpe.org\/ucpe\/wp-content\/uploads\/2020\/11\/WhatsApp-Image-2020-11-08-at-12.01.29-240x180.jpeg 240w, https:\/\/www.ucpe.org\/ucpe\/wp-content\/uploads\/2020\/11\/WhatsApp-Image-2020-11-08-at-12.01.29.jpeg 1600w\" sizes=\"auto, (max-width: 640px) 100vw, 640px\" \/>\t\t\t\t\t\t\t\t\t\t\t<\/p>\n<p style=\"text-align: center;\">The donations you make will be used for the project <a href=\"https:\/\/www.ucpe.org\/en\/ucpe\/projets\/\">Kuenda Classe<\/a> !<\/p>\n<p style=\"text-align: center;\">We use the HelloAsso secure platform so that you can make your donations in complete serenity, thank you for your trust \ud83d\ude42 !<\/p>\n<p>\t\t\t<a href=\"https:\/\/www.helloasso.com\/associations\/un-cadre-pour-l-enfant\" role=\"button\"><br \/>\n\t\t\t\t\t\tMake a donation!<br \/>\n\t\t\t\t\t<\/a><br \/>\n\t\t\t\t\t\t\t\t\t\t<img decoding=\"async\" width=\"640\" height=\"354\" src=\"https:\/\/www.ucpe.org\/ucpe\/wp-content\/uploads\/2020\/11\/LogoUCPElong_edited-780x432.png\" alt=\"\" loading=\"lazy\" \/>\t\t\t\t\t\t\t\t\t\t\t<\/p>\n<p style=\"text-align: left;\">Head Office<br \/>2 place de S\u00e9oul<br \/>75014 Paris<\/p>\n<p style=\"text-align: left;\">contactucple@gmail.com<\/p>\n<h2>Quick Links<\/h2>\n<nav>\n<ul id=\"menu-1463e72\">\n<li id=\"menu-item-820\"><a href=\"https:\/\/www.ucpe.org\/en\/ucpe\/qui-sommes-nous\/\">Who are we?<\/a><\/li>\n<li id=\"menu-item-816\"><a href=\"https:\/\/www.ucpe.org\/en\/ucpe\/projets\/\">Projects<\/a><\/li>\n<li id=\"menu-item-990\"><a href=\"https:\/\/www.ucpe.org\/en\/ucpe\/nous-rejoindre-2\/\">Join Us!<\/a><\/li>\n<li id=\"menu-item-819\"><a href=\"https:\/\/www.ucpe.org\/en\/ucpe\/galerie\/\">Photo Gallery<\/a><\/li>\n<li id=\"menu-item-818\"><a href=\"https:\/\/www.ucpe.org\/en\/ucpe\/contact-us\/\">Contact us<\/a><\/li>\n<\/ul>\n<\/nav>","protected":false},"excerpt":{"rendered":"<p>Faire un Don L&rsquo;UCPE finance ses projets via ses membres et votre g\u00e9n\u00e9rosit\u00e9 ! Ensemble travaillons afin d&rsquo;am\u00e9liorer l&rsquo;acc\u00e8s \u00e0 l&rsquo;\u00e9ducation au plus grand nombre ! Les dons que vous verserez seront utilis\u00e9s pour le projet Kuenda Classe ! Nous utilisons la plateforme s\u00e9curis\u00e9e HelloAsso afin que vous puissiez faire vos dons en toute s\u00e9r\u00e9nit\u00e9, [&hellip;]<\/p>","protected":false},"author":1,"featured_media":0,"parent":0,"menu_order":0,"comment_status":"closed","ping_status":"closed","template":"composer.php","meta":{"footnotes":""},"class_list":["post-390","page","type-page","status-publish","hentry"],"_links":{"self":[{"href":"https:\/\/www.ucpe.org\/en\/wp-json\/wp\/v2\/pages\/390","targetHints":{"allow":["GET"]}}],"collection":[{"href":"https:\/\/www.ucpe.org\/en\/wp-json\/wp\/v2\/pages"}],"about":[{"href":"https:\/\/www.ucpe.org\/en\/wp-json\/wp\/v2\/types\/page"}],"author":[{"embeddable":true,"href":"https:\/\/www.ucpe.org\/en\/wp-json\/wp\/v2\/users\/1"}],"replies":[{"embeddable":true,"href":"https:\/\/www.ucpe.org\/en\/wp-json\/wp\/v2\/comments?post=390"}],"version-history":[{"count":48,"href":"https:\/\/www.ucpe.org\/en\/wp-json\/wp\/v2\/pages\/390\/revisions"}],"predecessor-version":[{"id":1281,"href":"https:\/\/www.ucpe.org\/en\/wp-json\/wp\/v2\/pages\/390\/revisions\/1281"}],"wp:attachment":[{"href":"https:\/\/www.ucpe.org\/en\/wp-json\/wp\/v2\/media?parent=390"}],"curies":[{"name":"wp","href":"https:\/\/api.w.org\/{rel}","templated":true}]}}