{"id":20,"date":"2019-09-01T12:08:56","date_gmt":"2019-09-01T12:08:56","guid":{"rendered":"http:\/\/quomodosoft.com\/fundbar\/?page_id=20"},"modified":"2022-05-20T01:09:44","modified_gmt":"2022-05-19T23:09:44","slug":"home-v1","status":"publish","type":"page","link":"https:\/\/www.ucpe.org\/en\/","title":{"rendered":"Home V1"},"content":{"rendered":"<p><img decoding=\"async\" width=\"640\" height=\"480\" src=\"https:\/\/www.ucpe.org\/wp-content\/uploads\/2020\/11\/WhatsApp-Image-2020-01-14-at-14.34.13-1024x768.jpeg\" alt=\"\" loading=\"lazy\" srcset=\"https:\/\/www.ucpe.org\/wp-content\/uploads\/2020\/11\/WhatsApp-Image-2020-01-14-at-14.34.13-1024x768.jpeg 1024w, https:\/\/www.ucpe.org\/wp-content\/uploads\/2020\/11\/WhatsApp-Image-2020-01-14-at-14.34.13-300x225.jpeg 300w, https:\/\/www.ucpe.org\/wp-content\/uploads\/2020\/11\/WhatsApp-Image-2020-01-14-at-14.34.13-768x576.jpeg 768w, https:\/\/www.ucpe.org\/wp-content\/uploads\/2020\/11\/WhatsApp-Image-2020-01-14-at-14.34.13-1536x1152.jpeg 1536w, https:\/\/www.ucpe.org\/wp-content\/uploads\/2020\/11\/WhatsApp-Image-2020-01-14-at-14.34.13-440x330.jpeg 440w, https:\/\/www.ucpe.org\/wp-content\/uploads\/2020\/11\/WhatsApp-Image-2020-01-14-at-14.34.13-240x180.jpeg 240w, https:\/\/www.ucpe.org\/wp-content\/uploads\/2020\/11\/WhatsApp-Image-2020-01-14-at-14.34.13.jpeg 1600w\" sizes=\"auto, (max-width: 640px) 100vw, 640px\" \/><br \/>\n\t\t\t\t\t\t\t\t\t\t\t\t<img decoding=\"async\" width=\"300\" height=\"225\" src=\"https:\/\/www.ucpe.org\/wp-content\/uploads\/2020\/11\/WhatsApp-Image-2020-01-21-at-21.27.47-4-300x225.jpeg\" alt=\"\" loading=\"lazy\" srcset=\"https:\/\/www.ucpe.org\/wp-content\/uploads\/2020\/11\/WhatsApp-Image-2020-01-21-at-21.27.47-4-300x225.jpeg 300w, https:\/\/www.ucpe.org\/wp-content\/uploads\/2020\/11\/WhatsApp-Image-2020-01-21-at-21.27.47-4-1024x768.jpeg 1024w, https:\/\/www.ucpe.org\/wp-content\/uploads\/2020\/11\/WhatsApp-Image-2020-01-21-at-21.27.47-4-768x576.jpeg 768w, https:\/\/www.ucpe.org\/wp-content\/uploads\/2020\/11\/WhatsApp-Image-2020-01-21-at-21.27.47-4-440x330.jpeg 440w, https:\/\/www.ucpe.org\/wp-content\/uploads\/2020\/11\/WhatsApp-Image-2020-01-21-at-21.27.47-4-240x180.jpeg 240w, https:\/\/www.ucpe.org\/wp-content\/uploads\/2020\/11\/WhatsApp-Image-2020-01-21-at-21.27.47-4.jpeg 1408w\" sizes=\"auto, (max-width: 300px) 100vw, 300px\" \/><br \/>\n\t\t\t\t\t\t\t\t\t\t\t\t<img decoding=\"async\" width=\"300\" height=\"225\" src=\"https:\/\/www.ucpe.org\/wp-content\/uploads\/2020\/11\/WhatsApp-Image-2020-01-21-at-21.25.52-2-300x225.jpeg\" alt=\"\" loading=\"lazy\" srcset=\"https:\/\/www.ucpe.org\/wp-content\/uploads\/2020\/11\/WhatsApp-Image-2020-01-21-at-21.25.52-2-300x225.jpeg 300w, https:\/\/www.ucpe.org\/wp-content\/uploads\/2020\/11\/WhatsApp-Image-2020-01-21-at-21.25.52-2-1024x767.jpeg 1024w, https:\/\/www.ucpe.org\/wp-content\/uploads\/2020\/11\/WhatsApp-Image-2020-01-21-at-21.25.52-2-768x575.jpeg 768w, https:\/\/www.ucpe.org\/wp-content\/uploads\/2020\/11\/WhatsApp-Image-2020-01-21-at-21.25.52-2-441x330.jpeg 441w, https:\/\/www.ucpe.org\/wp-content\/uploads\/2020\/11\/WhatsApp-Image-2020-01-21-at-21.25.52-2-240x180.jpeg 240w, https:\/\/www.ucpe.org\/wp-content\/uploads\/2020\/11\/WhatsApp-Image-2020-01-21-at-21.25.52-2.jpeg 1080w\" sizes=\"auto, (max-width: 300px) 100vw, 300px\" \/>\t\t\t\t\t\t\t\t\t\t\t\t\t\t<\/p>\n<p>Your Gift,<br \/> Their Future<\/p>\n<p>Cr\u00e9\u00e9e en Septembre 2017, Un Cadre Pour l&rsquo;Enfant (UCPE) est une association \u00e0 but non lucratif ayant pour but de contribuer \u00e0 l&rsquo;\u00e9panouissement et au bien-\u00eatre des enfants dans les pays en d\u00e9veloppement.<\/p>\n<p>It all started with a group of friends who saw themselves as fortunate to have had choice in their educational and career paths, and wondered how they could help young children so that they too would have  choices as well. <a href=\"https:\/\/www.ucpe.org\/en\/ucpe\/?page_id=291\">Read More<\/a><\/p>\n<h2>L&rsquo;UCPE c&rsquo;est<\/h2>\n<h3>\n                0<br \/>\n            <\/h3>\n<p>                        \tans d&rsquo;existence<\/p>\n<h3>\n                0<br \/>\n            <\/h3>\n<p>                        \tstudents supported<\/p>\n<h3>\n                0<br \/>\n                +<br \/>\n            <\/h3>\n<p>                        \teuros raised<\/p>\n<h3>\n                0<br \/>\n            <\/h3>\n<p>                        \tmembers<\/p>\n<p>Our Projects<\/p>\n<p>Un Cadre Pour l&rsquo;Enfant \u00e9labore des missions de long terme avec pour objectif de cr\u00e9er des antennes locales qui conserveront nos diff\u00e9rents projets. Notre premi\u00e8re mission se d\u00e9roule en R\u00e9publique D\u00e9mocratique du Congo. Deux projets y sont en cours dans la ville de Matadi, dans la r\u00e9gion du Kongo Central.<\/p>\n<ul role=\"tablist\">\n<li ><a href=\"#tabitem-979e2b61\" data-toggle=\"tab\">Kuenda Classe<\/a><\/li>\n<li ><a href=\"#tabitem-979e2b62\" data-toggle=\"tab\">Nzo Ya Mayele<\/a><\/li>\n<\/ul>\n<style>.elementor-36 .elementor-element.elementor-element-4682f39 > .elementor-container > .elementor-row > .elementor-column > .elementor-column-wrap > .elementor-widget-wrap{align-content:center;align-items:center;}.elementor-36 .elementor-element.elementor-element-4555f12 .area__title{font-family:\"Gilroy\", Sans-serif;font-size:36px;font-weight:600;margin:0px 0px 40px 0px;}.elementor-36 .elementor-element.elementor-element-4555f12 .area__title:before{position:relative;text-align:left;}.elementor-36 .elementor-element.elementor-element-4555f12 .area__title:after{position:relative;text-align:left;}.elementor-36 .elementor-element.elementor-element-4555f12 a.area__button, .elementor-36 .elementor-element.elementor-element-4555f12 .area__button{color:#000000;}.elementor-36 .elementor-element.elementor-element-4555f12 .area__button{font-family:\"Lato\", Sans-serif;font-weight:700;border-style:solid;border-width:2px 2px 2px 2px;border-color:#7A4000;margin:40px 0px 0px 0px;padding:10px 30px 10px 30px;}.elementor-36 .elementor-element.elementor-element-4555f12 .area__button:hover, .elementor-36 .elementor-element.elementor-element-4555f12 a.area__button:focus, .elementor-36 .elementor-element.elementor-element-4555f12 .area__button:focus{color:#ffffff;}.elementor-36 .elementor-element.elementor-element-4555f12 .area__button:hover,.elementor-36 .elementor-element.elementor-element-4555f12 .area__button:focus{background-color:transparent;background-image:linear-gradient(90deg, #339966 0%, #76ed7f 100%);border-style:solid;border-width:2px 2px 2px 2px;border-color:#339966;}.elementor-36 .elementor-element.elementor-element-4555f12 .area__content{color:#64809c;}.elementor-36 .elementor-element.elementor-element-4555f12{text-align:center;position:initial;}.elementor-36 .elementor-element.elementor-element-4555f12 > .elementor-widget-container{margin:0px 0px 0px 40px;}@media(max-width:1024px) and (min-width:768px){.elementor-36 .elementor-element.elementor-element-7ba4519{width:100%;}.elementor-36 .elementor-element.elementor-element-9c75954{width:100%;}}@media(max-width:1024px){.elementor-36 .elementor-element.elementor-element-930fed5 > .elementor-widget-container{margin:0px 0px 30px 0px;}.elementor-36 .elementor-element.elementor-element-4555f12 > .elementor-widget-container{margin:0px 0px 0px 0px;}}@media(max-width:767px){.elementor-36 .elementor-element.elementor-element-4555f12 .area__title{font-size:24px;margin:0px 0px 30px 0px;}}<\/style>\n<section data-id=\"4682f39\" data-element_type=\"section\">\n\t\t\t\t\t\t\t\t\t\t\t\t<img decoding=\"async\" width=\"1080\" height=\"802\" src=\"https:\/\/www.ucpe.org\/wp-content\/uploads\/2020\/11\/82397727_454192938803121_7437176781481705472_n.jpg\" alt=\"\" loading=\"lazy\" srcset=\"https:\/\/www.ucpe.org\/wp-content\/uploads\/2020\/11\/82397727_454192938803121_7437176781481705472_n.jpg 1080w, https:\/\/www.ucpe.org\/wp-content\/uploads\/2020\/11\/82397727_454192938803121_7437176781481705472_n-300x223.jpg 300w, https:\/\/www.ucpe.org\/wp-content\/uploads\/2020\/11\/82397727_454192938803121_7437176781481705472_n-1024x760.jpg 1024w, https:\/\/www.ucpe.org\/wp-content\/uploads\/2020\/11\/82397727_454192938803121_7437176781481705472_n-768x570.jpg 768w, https:\/\/www.ucpe.org\/wp-content\/uploads\/2020\/11\/82397727_454192938803121_7437176781481705472_n-444x330.jpg 444w, https:\/\/www.ucpe.org\/wp-content\/uploads\/2020\/11\/82397727_454192938803121_7437176781481705472_n-242x180.jpg 242w\" sizes=\"auto, (max-width: 1080px) 100vw, 1080px\" \/>\t\t\t\t\t\t\t\t\t\t\t\t\t\t<\/p>\n<p>\u00ab\u00a0Kuenda Classe\u00a0\u00bb signifie \u00ab\u00a0Aller \u00e0 l&rsquo;\u00e9cole\u00a0\u00bb. Il s&rsquo;agit du premier projet de l&rsquo;association.<\/p>\n<p>Ce premier acte r\u00e9pond directement \u00e0 notre objectif de faciliter l&rsquo;acc\u00e8s \u00e0 l&rsquo;\u00e9ducation dans les pays en d\u00e9veloppement, et refl\u00e8te nos champs d&rsquo;actions : la scolarit\u00e9, l&rsquo;environnement et l&rsquo;hygi\u00e8ne, ainsi que l&rsquo;art.\u00a0<\/p>\n<p>\t\t\t\t<a href=\"https:\/\/www.ucpe.org\/en\/ucpe\/projets\/\" target=\"_blank\" rel=\"nofollow noopener\">Read more<\/a><br \/>\n\t\t<\/section>\n<style>.elementor-40 .elementor-element.elementor-element-4682f39 > .elementor-container{max-width:1600px;}.elementor-40 .elementor-element.elementor-element-4682f39 > .elementor-container > .elementor-row > .elementor-column > .elementor-column-wrap > .elementor-widget-wrap{align-content:center;align-items:center;}.elementor-40 .elementor-element.elementor-element-4555f12 .area__title{font-family:\"Gilroy\", Sans-serif;font-size:36px;font-weight:600;margin:0px 0px 40px 0px;}.elementor-40 .elementor-element.elementor-element-4555f12 .area__title:before{position:relative;text-align:left;}.elementor-40 .elementor-element.elementor-element-4555f12 .area__title:after{position:relative;text-align:left;}.elementor-40 .elementor-element.elementor-element-4555f12 a.area__button, .elementor-40 .elementor-element.elementor-element-4555f12 .area__button{color:#000000;}.elementor-40 .elementor-element.elementor-element-4555f12 .area__button{font-family:\"Lato\", Sans-serif;font-weight:700;border-style:solid;border-width:2px 2px 2px 2px;border-color:#7A4000;margin:40px 0px 0px 0px;padding:10px 30px 10px 30px;}.elementor-40 .elementor-element.elementor-element-4555f12 .area__button:hover, .elementor-40 .elementor-element.elementor-element-4555f12 a.area__button:focus, .elementor-40 .elementor-element.elementor-element-4555f12 .area__button:focus{color:#ffffff;}.elementor-40 .elementor-element.elementor-element-4555f12 .area__button:hover,.elementor-40 .elementor-element.elementor-element-4555f12 .area__button:focus{background-color:transparent;background-image:linear-gradient(90deg, #339966 0%, #76ed7f 100%);border-style:solid;border-width:2px 2px 2px 2px;border-color:#339966;}.elementor-40 .elementor-element.elementor-element-4555f12 .area__content{color:#64809c;}.elementor-40 .elementor-element.elementor-element-4555f12{text-align:center;position:initial;}.elementor-40 .elementor-element.elementor-element-4555f12 > .elementor-widget-container{margin:0px 40px 0px 0px;}@media(max-width:1024px){.elementor-40 .elementor-element.elementor-element-4555f12 > .elementor-widget-container{margin:0px 0px 0px 0px;}.elementor-40 .elementor-element.elementor-element-a47c15a > .elementor-widget-container{margin:30px 0px 0px 0px;}}@media(max-width:1024px) and (min-width:768px){.elementor-40 .elementor-element.elementor-element-9c75954{width:100%;}.elementor-40 .elementor-element.elementor-element-f54dc8c{width:100%;}}@media(max-width:767px){.elementor-40 .elementor-element.elementor-element-4555f12 .area__title{font-size:24px;margin:0px 0px 30px 0px;}}<\/style>\n<section data-id=\"4682f39\" data-element_type=\"section\">\n<p>\u00ab Nzo Ya Mayele \u00bb signifie \u00ab\u00a0La Maison du Savoir\u00a0\u00bb. Ce projet consiste en la construction d\u2019une biblioth\u00e8que \u00e0 destination de l\u2019ensemble des Matadiens.\u00a0<\/p>\n<p>The library is the next step to further improve the structures related to access to knowledge and education.<\/p>\n<p>\t\t\t\t<a href=\"https:\/\/www.ucpe.org\/en\/ucpe\/projets\/\" target=\"_blank\" rel=\"nofollow noopener\">Read more<\/a><br \/>\n\t\t\t\t\t\t\t\t\t\t\t\t<img decoding=\"async\" width=\"1707\" height=\"2560\" src=\"https:\/\/www.ucpe.org\/wp-content\/uploads\/2019\/09\/taisiia-shestopal-Ho20JoDSz3I-unsplash-scaled.jpg\" alt=\"\" loading=\"lazy\" srcset=\"https:\/\/www.ucpe.org\/wp-content\/uploads\/2019\/09\/taisiia-shestopal-Ho20JoDSz3I-unsplash-scaled.jpg 1707w, https:\/\/www.ucpe.org\/wp-content\/uploads\/2019\/09\/taisiia-shestopal-Ho20JoDSz3I-unsplash-200x300.jpg 200w, https:\/\/www.ucpe.org\/wp-content\/uploads\/2019\/09\/taisiia-shestopal-Ho20JoDSz3I-unsplash-683x1024.jpg 683w, https:\/\/www.ucpe.org\/wp-content\/uploads\/2019\/09\/taisiia-shestopal-Ho20JoDSz3I-unsplash-768x1152.jpg 768w, https:\/\/www.ucpe.org\/wp-content\/uploads\/2019\/09\/taisiia-shestopal-Ho20JoDSz3I-unsplash-1024x1536.jpg 1024w, https:\/\/www.ucpe.org\/wp-content\/uploads\/2019\/09\/taisiia-shestopal-Ho20JoDSz3I-unsplash-1365x2048.jpg 1365w, https:\/\/www.ucpe.org\/wp-content\/uploads\/2019\/09\/taisiia-shestopal-Ho20JoDSz3I-unsplash-220x330.jpg 220w, https:\/\/www.ucpe.org\/wp-content\/uploads\/2019\/09\/taisiia-shestopal-Ho20JoDSz3I-unsplash-120x180.jpg 120w\" sizes=\"auto, (max-width: 1707px) 100vw, 1707px\" \/><br \/>\n\t\t<\/section>\n<h2>Sponsorship<\/h2>\n<p style=\"text-align: center;\">We have annual sponsorship campaigns for children to encourage them and give them the means to continue their education.<\/p>\n<p style=\"text-align: center;\">\u00a0During the 2018-2019 year, more than 80 children had the opportunity to be sponsored and thus to continue their school year.<\/p>\n<p>\t\t\t\t\t\t\t\t\t\t\t\t<img decoding=\"async\" width=\"640\" height=\"352\" src=\"https:\/\/www.ucpe.org\/wp-content\/uploads\/2020\/11\/80290895_3793401257352299_1535089623045242880_o-2.jpg\" alt=\"\" loading=\"lazy\" srcset=\"https:\/\/www.ucpe.org\/wp-content\/uploads\/2020\/11\/80290895_3793401257352299_1535089623045242880_o-2.jpg 663w, https:\/\/www.ucpe.org\/wp-content\/uploads\/2020\/11\/80290895_3793401257352299_1535089623045242880_o-2-300x165.jpg 300w, https:\/\/www.ucpe.org\/wp-content\/uploads\/2020\/11\/80290895_3793401257352299_1535089623045242880_o-2-570x314.jpg 570w, https:\/\/www.ucpe.org\/wp-content\/uploads\/2020\/11\/80290895_3793401257352299_1535089623045242880_o-2-270x149.jpg 270w\" sizes=\"auto, (max-width: 640px) 100vw, 640px\" \/>\t\t\t\t\t\t\t\t\t\t\t\t\t\t<\/p>\n<p style=\"text-align: center;\">Want to know more? Click below to find out!<\/p>\n<p>\t\t\t<a href=\"https:\/\/www.ucpe.org\/en\/ucpe\/parrainage\/\" role=\"button\"><br \/>\n\t\t\t\t\t\tBecome a Sponsor!<br \/>\n\t\t\t\t\t<\/a><\/p>\n<p>L&rsquo;\u00c9quipe !<\/p>\n<p>\t\t\t\t<img decoding=\"async\" src=\"https:\/\/www.ucpe.org\/wp-content\/uploads\/2020\/10\/Photo-Samory-768x768.jpg\" alt=\"Home V1\" \/><\/p>\n<h4>Samory Tour\u00e9<\/h4>\n<p>President<\/p>\n<p>\t\t\t\t<img decoding=\"async\" src=\"https:\/\/www.ucpe.org\/wp-content\/uploads\/2020\/10\/Saikou-768x768.jpg\" alt=\"Home V1\" \/><\/p>\n<h4>Sa\u00efkou Barry<\/h4>\n<p>General Secretary<\/p>\n<p>\t\t\t\t<img decoding=\"async\" src=\"https:\/\/www.ucpe.org\/wp-content\/uploads\/2020\/10\/Icram.jpg\" alt=\"Home V1\" \/><\/p>\n<h4>Icram Zerrouki<\/h4>\n<p>Head of Fundraising<\/p>\n<p>\t\t\t\t<img decoding=\"async\" src=\"https:\/\/www.ucpe.org\/wp-content\/uploads\/2020\/10\/Angela-2.jpg\" alt=\"Home V1\" \/><\/p>\n<h4>Angela Faleiro<\/h4>\n<p>Head of Events<\/p>\n<p>\t\t\t\t<img decoding=\"async\" src=\"https:\/\/www.ucpe.org\/wp-content\/uploads\/2020\/10\/IMG_4207-4.jpg\" alt=\"Home V1\" \/><\/p>\n<h4>Emma Pillonel<\/h4>\n<p>Head of Communications<\/p>\n<p>\t\t\t\t<img decoding=\"async\" src=\"https:\/\/www.ucpe.org\/wp-content\/uploads\/2020\/10\/Meissa-Ngom-768x768.jpg\" alt=\"Home V1\" \/><\/p>\n<h4>Meissa Ngom<\/h4>\n<p>Events DIvision<\/p>\n<p>\t\t\t\t<img decoding=\"async\" src=\"https:\/\/www.ucpe.org\/wp-content\/uploads\/2020\/10\/Habibatou-Habi-768x768.jpg\" alt=\"Home V1\" \/><\/p>\n<h4>Habibatou Ciss\u00e9<\/h4>\n<p>Fundraising Division<\/p>\n<p>\t\t\t\t<img decoding=\"async\" src=\"https:\/\/www.ucpe.org\/wp-content\/uploads\/2020\/10\/IMG_1595-768x768.jpg\" alt=\"Home V1\" \/><\/p>\n<h4>Charlotte Tabary<\/h4>\n<p>Communications Division<\/p>\n<p>\t\t\t\t<img decoding=\"async\" src=\"https:\/\/www.ucpe.org\/wp-content\/uploads\/2020\/10\/Ismail-768x768.jpg\" alt=\"Home V1\" \/><\/p>\n<h4>Isma\u00efl Dram\u00e9<\/h4>\n<p>Communications Division<\/p>\n<p>\t\t\t\t<img decoding=\"async\" src=\"https:\/\/www.ucpe.org\/wp-content\/uploads\/2020\/10\/Grace-768x768.jpg\" alt=\"Home V1\" \/><\/p>\n<h4>Grace Kaniki<\/h4>\n<p>Communications Division<\/p>\n<p>\t\t\t\t<img decoding=\"async\" src=\"https:\/\/www.ucpe.org\/wp-content\/uploads\/2020\/10\/Rhudy.jpg\" alt=\"Home V1\" \/><\/p>\n<h4>Rhudy Nganga<\/h4>\n<p>Events DIvision<\/p>\n<p>\t\t\t\t\t\t\t\t\t\t\t\t<img decoding=\"async\" width=\"640\" height=\"354\" src=\"https:\/\/www.ucpe.org\/wp-content\/uploads\/2020\/11\/LogoUCPElong_edited-780x432.png\" alt=\"\" loading=\"lazy\" \/>\t\t\t\t\t\t\t\t\t\t\t\t\t\t<\/p>\n<p style=\"text-align: left;\">Head Office<br \/>2 place de S\u00e9oul<br \/>75014 Paris<\/p>\n<p>+33 6 29 35 59 49<\/p>\n<p style=\"text-align: left;\">contactucple@gmail.com<\/p>\n<h2>Quick Links<\/h2>\n<nav>\n<ul id=\"menu-0884802\">\n<li id=\"menu-item-820\"><a href=\"https:\/\/www.ucpe.org\/en\/qui-sommes-nous\/\">Who are we?<\/a><\/li>\n<li id=\"menu-item-816\"><a href=\"https:\/\/www.ucpe.org\/en\/projets\/\">Projects<\/a><\/li>\n<li id=\"menu-item-990\"><a href=\"https:\/\/www.ucpe.org\/en\/nous-rejoindre-2\/\">Join Us!<\/a><\/li>\n<li id=\"menu-item-819\"><a href=\"https:\/\/www.ucpe.org\/en\/galerie\/\">Photo Gallery<\/a><\/li>\n<li id=\"menu-item-818\"><a href=\"https:\/\/www.ucpe.org\/en\/contact-us\/\">Contact us<\/a><\/li>\n<\/ul>\n<\/nav>","protected":false},"excerpt":{"rendered":"<p>Your Gift, Their Future Cr\u00e9\u00e9e en Septembre 2017, Un Cadre Pour l&rsquo;Enfant (UCPE) est une association \u00e0 but non lucratif ayant pour but de contribuer \u00e0 l&rsquo;\u00e9panouissement et au bien-\u00eatre des enfants dans les pays en d\u00e9veloppement. Tout a commenc\u00e9 avec un groupe d&rsquo;amis qui se voyaient la chance d&rsquo;avoir eu le choix de leurs [&hellip;]<\/p>","protected":false},"author":1,"featured_media":0,"parent":0,"menu_order":0,"comment_status":"closed","ping_status":"closed","template":"composer.php","meta":{"footnotes":""},"class_list":["post-20","page","type-page","status-publish","hentry"],"_links":{"self":[{"href":"https:\/\/www.ucpe.org\/en\/wp-json\/wp\/v2\/pages\/20","targetHints":{"allow":["GET"]}}],"collection":[{"href":"https:\/\/www.ucpe.org\/en\/wp-json\/wp\/v2\/pages"}],"about":[{"href":"https:\/\/www.ucpe.org\/en\/wp-json\/wp\/v2\/types\/page"}],"author":[{"embeddable":true,"href":"https:\/\/www.ucpe.org\/en\/wp-json\/wp\/v2\/users\/1"}],"replies":[{"embeddable":true,"href":"https:\/\/www.ucpe.org\/en\/wp-json\/wp\/v2\/comments?post=20"}],"version-history":[{"count":126,"href":"https:\/\/www.ucpe.org\/en\/wp-json\/wp\/v2\/pages\/20\/revisions"}],"predecessor-version":[{"id":1485,"href":"https:\/\/www.ucpe.org\/en\/wp-json\/wp\/v2\/pages\/20\/revisions\/1485"}],"wp:attachment":[{"href":"https:\/\/www.ucpe.org\/en\/wp-json\/wp\/v2\/media?parent=20"}],"curies":[{"name":"wp","href":"https:\/\/api.w.org\/{rel}","templated":true}]}}